{"id":81,"date":"2024-08-06T09:27:24","date_gmt":"2024-08-06T12:27:24","guid":{"rendered":"https:\/\/chatvip.com.ar\/?page_id=81"},"modified":"2026-03-04T16:43:05","modified_gmt":"2026-03-04T19:43:05","slug":"inicio-2","status":"publish","type":"page","link":"https:\/\/chatvip.com.ar\/","title":{"rendered":"Inicio"},"content":{"rendered":"<div class=\"wpb-content-wrapper\"><p>[vc_row][vc_column]<div id=\"porto-blog-9320\" class=\"porto-blog wpb_content_element   wpb_custom_a9445e34d72739faca1ef8dbc4bb46d7\">\n\t\t<div class=\"blog-posts posts-timeline\">\n\t\t\t<section class=\"timeline\">\n\t\t\t\t<div class=\"timeline-body\">\n\n\t\t\t<div class=\"timeline-date\"><h3>abril 2026<\/h3><\/div>\n\t<article class=\"timeline-box post post-timeline left post-title-simple post-670 post type-post status-publish format-standard has-post-thumbnail hentry category-general tag-claude-mythos-preview\">\n\t\t\t<div class=\"post-image single\">\n\t\t<div class=\"post-slideshow porto-carousel owl-carousel has-ccols ccols-1  nav-inside nav-inside-center nav-style-2 show-nav-hover\" data-plugin-options='{\"nav\":true}'>\n\t\t\t\t\t\t\t\t\t\t\t<a href=\"https:\/\/chatvip.com.ar\/?p=670\" aria-label=\"post image\">\n\t\t\t\t\t\t\t\t<div class=\"img-thumbnail\">\n\t\t\t\t\t\t<img loading=\"lazy\" decoding=\"async\" width=\"640\" height=\"360\" src=\"https:\/\/chatvip.com.ar\/wp-content\/uploads\/2026\/04\/Preview-640x360.jpg\" class=\"owl-lazy img-responsive\" alt=\"\" srcset=\"https:\/\/chatvip.com.ar\/wp-content\/uploads\/2026\/04\/Preview-640x360.jpg 640w, https:\/\/chatvip.com.ar\/wp-content\/uploads\/2026\/04\/Preview-380x214.jpg 380w, https:\/\/chatvip.com.ar\/wp-content\/uploads\/2026\/04\/Preview-320x180.jpg 320w, https:\/\/chatvip.com.ar\/wp-content\/uploads\/2026\/04\/Preview-480x270.jpg 480w, https:\/\/chatvip.com.ar\/wp-content\/uploads\/2026\/04\/Preview-400x225.jpg 400w, https:\/\/chatvip.com.ar\/wp-content\/uploads\/2026\/04\/Preview-367x207.jpg 367w\" sizes=\"(max-width: 640px) 100vw, 640px\" \/>\t\t\t\t\t\t\t\t\t\t\t\t\t<span class=\"zoom\" data-src=\"https:\/\/chatvip.com.ar\/wp-content\/uploads\/2026\/04\/Preview.jpg\" data-title=\"\"><i class=\"fas fa-search\"><\/i><\/span>\n\t\t\t\t\t\t\t\t\t\t\t<\/div>\n\t\t\t\t\t\t\t\t<\/a>\n\t\t\t\t\t\t\t\t<\/div>\n\t\t\n\t\t\t<\/div>\n\t\n\t\t<!-- Post meta before content -->\n\t\t\t\n\t\t\t<div class=\"post-content\">\n\t\t\t\t<h4 class=\"entry-title\"><a href=\"https:\/\/chatvip.com.ar\/?p=670\">Claude Mythos Preview<\/a><\/h4>\n\t\t\t\t<span class=\"vcard\" style=\"display: none;\"><span class=\"fn\"><a href=\"https:\/\/chatvip.com.ar\/?author=1\" title=\"Entradas de Webmaster\" rel=\"author\">Webmaster<\/a><\/span><\/span><span class=\"updated\" style=\"display:none\">2026-04-23T16:53:50-03:00<\/span><p class=\"post-excerpt\">Claude Mythos Preview representa el n\u00facleo tecnol\u00f3gico de esta propuesta. Basado en modelos avanzados de inteligencia artificial, el sistema combina an\u00e1lisis de c\u00f3digo, aprendizaje autom\u00e1tico...<\/p>\n\t\t\t\t\n\t\t\t<\/div>\n\n\t\t\t<!-- Post meta after content -->\n\t\t\t\t<div class=\"post-meta\"><\/div>\n\t\t\t<div class=\"clearfix\">\n\t\t\t\t<a class=\"btn btn-xs btn-default text-xs text-uppercase\" href=\"https:\/\/chatvip.com.ar\/?p=670\">Leer<\/a>\n\t\t\t<\/div>\n\t\t\t<\/article>\n\t<article class=\"timeline-box post post-timeline right post-title-simple post-665 post type-post status-publish format-standard has-post-thumbnail hentry category-general tag-anthropic tag-inteligencia-artificial\">\n\t\t\t<div class=\"post-image single\">\n\t\t<div class=\"post-slideshow porto-carousel owl-carousel has-ccols ccols-1  nav-inside nav-inside-center nav-style-2 show-nav-hover\" data-plugin-options='{\"nav\":true}'>\n\t\t\t\t\t\t\t\t\t\t\t<a href=\"https:\/\/chatvip.com.ar\/?p=665\" aria-label=\"post image\">\n\t\t\t\t\t\t\t\t<div class=\"img-thumbnail\">\n\t\t\t\t\t\t<img loading=\"lazy\" decoding=\"async\" width=\"640\" height=\"360\" src=\"https:\/\/chatvip.com.ar\/wp-content\/uploads\/2026\/04\/Nota-640x360.jpg\" class=\"owl-lazy img-responsive\" alt=\"\" srcset=\"https:\/\/chatvip.com.ar\/wp-content\/uploads\/2026\/04\/Nota-640x360.jpg 640w, https:\/\/chatvip.com.ar\/wp-content\/uploads\/2026\/04\/Nota-380x214.jpg 380w, https:\/\/chatvip.com.ar\/wp-content\/uploads\/2026\/04\/Nota-320x180.jpg 320w, https:\/\/chatvip.com.ar\/wp-content\/uploads\/2026\/04\/Nota-480x270.jpg 480w, https:\/\/chatvip.com.ar\/wp-content\/uploads\/2026\/04\/Nota-400x225.jpg 400w, https:\/\/chatvip.com.ar\/wp-content\/uploads\/2026\/04\/Nota-367x206.jpg 367w\" sizes=\"(max-width: 640px) 100vw, 640px\" \/>\t\t\t\t\t\t\t\t\t\t\t\t\t<span class=\"zoom\" data-src=\"https:\/\/chatvip.com.ar\/wp-content\/uploads\/2026\/04\/Nota.jpg\" data-title=\"\"><i class=\"fas fa-search\"><\/i><\/span>\n\t\t\t\t\t\t\t\t\t\t\t<\/div>\n\t\t\t\t\t\t\t\t<\/a>\n\t\t\t\t\t\t\t\t<\/div>\n\t\t\n\t\t\t<\/div>\n\t\n\t\t<!-- Post meta before content -->\n\t\t\t\n\t\t\t<div class=\"post-content\">\n\t\t\t\t<h4 class=\"entry-title\"><a href=\"https:\/\/chatvip.com.ar\/?p=665\">La Inteligencia Artificial de Anthropic que detecta fallas a escala global<\/a><\/h4>\n\t\t\t\t<span class=\"vcard\" style=\"display: none;\"><span class=\"fn\"><a href=\"https:\/\/chatvip.com.ar\/?author=1\" title=\"Entradas de Webmaster\" rel=\"author\">Webmaster<\/a><\/span><\/span><span class=\"updated\" style=\"display:none\">2026-04-23T16:49:46-03:00<\/span><p class=\"post-excerpt\">El desarrollo de esta tecnolog\u00eda responde a una necesidad creciente: mejorar la capacidad de detecci\u00f3n de vulnerabilidades en sistemas cada vez m\u00e1s complejos. Los sistemas...<\/p>\n\t\t\t\t\n\t\t\t<\/div>\n\n\t\t\t<!-- Post meta after content -->\n\t\t\t\t<div class=\"post-meta\"><\/div>\n\t\t\t<div class=\"clearfix\">\n\t\t\t\t<a class=\"btn btn-xs btn-default text-xs text-uppercase\" href=\"https:\/\/chatvip.com.ar\/?p=665\">Leer<\/a>\n\t\t\t<\/div>\n\t\t\t<\/article>\n\t<article class=\"timeline-box post post-timeline left post-title-simple post-662 post type-post status-publish format-standard has-post-thumbnail hentry category-general tag-bill-gates\">\n\t\t\t<div class=\"post-image single\">\n\t\t<div class=\"post-slideshow porto-carousel owl-carousel has-ccols ccols-1  nav-inside nav-inside-center nav-style-2 show-nav-hover\" data-plugin-options='{\"nav\":true}'>\n\t\t\t\t\t\t\t\t\t\t\t<a href=\"https:\/\/chatvip.com.ar\/?p=662\" aria-label=\"post image\">\n\t\t\t\t\t\t\t\t<div class=\"img-thumbnail\">\n\t\t\t\t\t\t<img loading=\"lazy\" decoding=\"async\" width=\"640\" height=\"360\" src=\"https:\/\/chatvip.com.ar\/wp-content\/uploads\/2026\/04\/Emociones-640x360.jpg\" class=\"owl-lazy img-responsive\" alt=\"\" srcset=\"https:\/\/chatvip.com.ar\/wp-content\/uploads\/2026\/04\/Emociones-640x360.jpg 640w, https:\/\/chatvip.com.ar\/wp-content\/uploads\/2026\/04\/Emociones-380x214.jpg 380w, https:\/\/chatvip.com.ar\/wp-content\/uploads\/2026\/04\/Emociones-320x180.jpg 320w, https:\/\/chatvip.com.ar\/wp-content\/uploads\/2026\/04\/Emociones-480x270.jpg 480w, https:\/\/chatvip.com.ar\/wp-content\/uploads\/2026\/04\/Emociones-400x225.jpg 400w, https:\/\/chatvip.com.ar\/wp-content\/uploads\/2026\/04\/Emociones-367x206.jpg 367w\" sizes=\"(max-width: 640px) 100vw, 640px\" \/>\t\t\t\t\t\t\t\t\t\t\t\t\t<span class=\"zoom\" data-src=\"https:\/\/chatvip.com.ar\/wp-content\/uploads\/2026\/04\/Emociones.jpg\" data-title=\"\"><i class=\"fas fa-search\"><\/i><\/span>\n\t\t\t\t\t\t\t\t\t\t\t<\/div>\n\t\t\t\t\t\t\t\t<\/a>\n\t\t\t\t\t\t\t\t<\/div>\n\t\t\n\t\t\t<\/div>\n\t\n\t\t<!-- Post meta before content -->\n\t\t\t\n\t\t\t<div class=\"post-content\">\n\t\t\t\t<h4 class=\"entry-title\"><a href=\"https:\/\/chatvip.com.ar\/?p=662\">La Inteligencia Artificial est\u00e1 transformando nuestras vidas<\/a><\/h4>\n\t\t\t\t<span class=\"vcard\" style=\"display: none;\"><span class=\"fn\"><a href=\"https:\/\/chatvip.com.ar\/?author=1\" title=\"Entradas de Webmaster\" rel=\"author\">Webmaster<\/a><\/span><\/span><span class=\"updated\" style=\"display:none\">2026-04-23T16:22:24-03:00<\/span><p class=\"post-excerpt\">La creciente influencia de la inteligencia artificial (IA) plantea preguntas cruciales sobre su impacto en la sociedad y el empleo a nivel mundial. Seg\u00fan declaraciones...<\/p>\n\t\t\t\t\n\t\t\t<\/div>\n\n\t\t\t<!-- Post meta after content -->\n\t\t\t\t<div class=\"post-meta\"><\/div>\n\t\t\t<div class=\"clearfix\">\n\t\t\t\t<a class=\"btn btn-xs btn-default text-xs text-uppercase\" href=\"https:\/\/chatvip.com.ar\/?p=662\">Leer<\/a>\n\t\t\t<\/div>\n\t\t\t<\/article>\n\t<article class=\"timeline-box post post-timeline right post-title-simple post-659 post type-post status-publish format-standard has-post-thumbnail hentry category-general\">\n\t\t\t<div class=\"post-image single\">\n\t\t<div class=\"post-slideshow porto-carousel owl-carousel has-ccols ccols-1  nav-inside nav-inside-center nav-style-2 show-nav-hover\" data-plugin-options='{\"nav\":true}'>\n\t\t\t\t\t\t\t\t\t\t\t<a href=\"https:\/\/chatvip.com.ar\/?p=659\" aria-label=\"post image\">\n\t\t\t\t\t\t\t\t<div class=\"img-thumbnail\">\n\t\t\t\t\t\t<img loading=\"lazy\" decoding=\"async\" width=\"640\" height=\"360\" src=\"https:\/\/chatvip.com.ar\/wp-content\/uploads\/2026\/04\/Tesla-640x360.webp\" class=\"owl-lazy img-responsive\" alt=\"\" srcset=\"https:\/\/chatvip.com.ar\/wp-content\/uploads\/2026\/04\/Tesla-640x360.webp 640w, https:\/\/chatvip.com.ar\/wp-content\/uploads\/2026\/04\/Tesla-380x214.webp 380w, https:\/\/chatvip.com.ar\/wp-content\/uploads\/2026\/04\/Tesla-320x180.webp 320w, https:\/\/chatvip.com.ar\/wp-content\/uploads\/2026\/04\/Tesla-480x270.webp 480w, https:\/\/chatvip.com.ar\/wp-content\/uploads\/2026\/04\/Tesla-400x225.webp 400w, https:\/\/chatvip.com.ar\/wp-content\/uploads\/2026\/04\/Tesla-367x206.webp 367w\" sizes=\"(max-width: 640px) 100vw, 640px\" \/>\t\t\t\t\t\t\t\t\t\t\t\t\t<span class=\"zoom\" data-src=\"https:\/\/chatvip.com.ar\/wp-content\/uploads\/2026\/04\/Tesla.webp\" data-title=\"\"><i class=\"fas fa-search\"><\/i><\/span>\n\t\t\t\t\t\t\t\t\t\t\t<\/div>\n\t\t\t\t\t\t\t\t<\/a>\n\t\t\t\t\t\t\t\t<\/div>\n\t\t\n\t\t\t<\/div>\n\t\n\t\t<!-- Post meta before content -->\n\t\t\t\n\t\t\t<div class=\"post-content\">\n\t\t\t\t<h4 class=\"entry-title\"><a href=\"https:\/\/chatvip.com.ar\/?p=659\">Las empresas de Elon Musk se preparan para construir chips de Inteligencia Artificial<\/a><\/h4>\n\t\t\t\t<span class=\"vcard\" style=\"display: none;\"><span class=\"fn\"><a href=\"https:\/\/chatvip.com.ar\/?author=1\" title=\"Entradas de Webmaster\" rel=\"author\">Webmaster<\/a><\/span><\/span><span class=\"updated\" style=\"display:none\">2026-04-23T15:10:40-03:00<\/span><p class=\"post-excerpt\">Elon Musk dijo que Terafab planea utilizar la tecnolog\u00eda de fabricaci\u00f3n 14A de Intel para producir chips de inteligencia artificial (IA) cuando el proyecto tenga...<\/p>\n\t\t\t\t\n\t\t\t<\/div>\n\n\t\t\t<!-- Post meta after content -->\n\t\t\t\t<div class=\"post-meta\"><\/div>\n\t\t\t<div class=\"clearfix\">\n\t\t\t\t<a class=\"btn btn-xs btn-default text-xs text-uppercase\" href=\"https:\/\/chatvip.com.ar\/?p=659\">Leer<\/a>\n\t\t\t<\/div>\n\t\t\t<\/article>\n\t<article class=\"timeline-box post post-timeline left post-title-simple post-656 post type-post status-publish format-standard hentry category-general\">\n\t\t\n\t\t<!-- Post meta before content -->\n\t\t\t\n\t\t\t<div class=\"post-content\">\n\t\t\t\t<h4 class=\"entry-title\"><a href=\"https:\/\/chatvip.com.ar\/?p=656\">La censura algor\u00edtmica<\/a><\/h4>\n\t\t\t\t<span class=\"vcard\" style=\"display: none;\"><span class=\"fn\"><a href=\"https:\/\/chatvip.com.ar\/?author=1\" title=\"Entradas de Webmaster\" rel=\"author\">Webmaster<\/a><\/span><\/span><span class=\"updated\" style=\"display:none\">2026-04-09T09:40:56-03:00<\/span><p class=\"post-excerpt\">Hoy no hace falta prohibir de forma expl\u00edcita un contenido para silenciarlo: basta con que el algoritmo lo vuelva invisible o le quite alcance.\r\n\r\nAs\u00ed, una...<\/p>\n\t\t\t\t\n\t\t\t<\/div>\n\n\t\t\t<!-- Post meta after content -->\n\t\t\t\t<div class=\"post-meta\"><\/div>\n\t\t\t<div class=\"clearfix\">\n\t\t\t\t<a class=\"btn btn-xs btn-default text-xs text-uppercase\" href=\"https:\/\/chatvip.com.ar\/?p=656\">Leer<\/a>\n\t\t\t<\/div>\n\t\t\t<\/article>\n\t<article class=\"timeline-box post post-timeline right post-title-simple post-653 post type-post status-publish format-standard has-post-thumbnail hentry category-general\">\n\t\t\t<div class=\"post-image single\">\n\t\t<div class=\"post-slideshow porto-carousel owl-carousel has-ccols ccols-1  nav-inside nav-inside-center nav-style-2 show-nav-hover\" data-plugin-options='{\"nav\":true}'>\n\t\t\t\t\t\t\t\t\t\t\t<a href=\"https:\/\/chatvip.com.ar\/?p=653\" aria-label=\"post image\">\n\t\t\t\t\t\t\t\t<div class=\"img-thumbnail\">\n\t\t\t\t\t\t<img loading=\"lazy\" decoding=\"async\" width=\"640\" height=\"424\" src=\"https:\/\/chatvip.com.ar\/wp-content\/uploads\/2026\/04\/Image-640x424.webp\" class=\"owl-lazy img-responsive\" alt=\"\" srcset=\"https:\/\/chatvip.com.ar\/wp-content\/uploads\/2026\/04\/Image-640x424.webp 640w, https:\/\/chatvip.com.ar\/wp-content\/uploads\/2026\/04\/Image-400x265.webp 400w, https:\/\/chatvip.com.ar\/wp-content\/uploads\/2026\/04\/Image-380x252.webp 380w, https:\/\/chatvip.com.ar\/wp-content\/uploads\/2026\/04\/Image-320x212.webp 320w, https:\/\/chatvip.com.ar\/wp-content\/uploads\/2026\/04\/Image-480x318.webp 480w, https:\/\/chatvip.com.ar\/wp-content\/uploads\/2026\/04\/Image-367x243.webp 367w\" sizes=\"(max-width: 640px) 100vw, 640px\" \/>\t\t\t\t\t\t\t\t\t\t\t\t\t<span class=\"zoom\" data-src=\"https:\/\/chatvip.com.ar\/wp-content\/uploads\/2026\/04\/Image.webp\" data-title=\"\"><i class=\"fas fa-search\"><\/i><\/span>\n\t\t\t\t\t\t\t\t\t\t\t<\/div>\n\t\t\t\t\t\t\t\t<\/a>\n\t\t\t\t\t\t\t\t<\/div>\n\t\t\n\t\t\t<\/div>\n\t\n\t\t<!-- Post meta before content -->\n\t\t\t\n\t\t\t<div class=\"post-content\">\n\t\t\t\t<h4 class=\"entry-title\"><a href=\"https:\/\/chatvip.com.ar\/?p=653\">Burbujas, c\u00e1maras de eco y comunidades fragmentadas<\/a><\/h4>\n\t\t\t\t<span class=\"vcard\" style=\"display: none;\"><span class=\"fn\"><a href=\"https:\/\/chatvip.com.ar\/?author=1\" title=\"Entradas de Webmaster\" rel=\"author\">Webmaster<\/a><\/span><\/span><span class=\"updated\" style=\"display:none\">2026-04-09T09:39:51-03:00<\/span><p class=\"post-excerpt\">El papel de las redes en la formaci\u00f3n de burbujas ideol\u00f3gicas y c\u00e1maras de eco es un espacio donde circulan opiniones similares entre s\u00ed que...<\/p>\n\t\t\t\t\n\t\t\t<\/div>\n\n\t\t\t<!-- Post meta after content -->\n\t\t\t\t<div class=\"post-meta\"><\/div>\n\t\t\t<div class=\"clearfix\">\n\t\t\t\t<a class=\"btn btn-xs btn-default text-xs text-uppercase\" href=\"https:\/\/chatvip.com.ar\/?p=653\">Leer<\/a>\n\t\t\t<\/div>\n\t\t\t<\/article>\n\t<article class=\"timeline-box post post-timeline left post-title-simple post-651 post type-post status-publish format-standard hentry category-general\">\n\t\t\n\t\t<!-- Post meta before content -->\n\t\t\t\n\t\t\t<div class=\"post-content\">\n\t\t\t\t<h4 class=\"entry-title\"><a href=\"https:\/\/chatvip.com.ar\/?p=651\">De las redes cronol\u00f3gicas a los mundos personalizados<\/a><\/h4>\n\t\t\t\t<span class=\"vcard\" style=\"display: none;\"><span class=\"fn\"><a href=\"https:\/\/chatvip.com.ar\/?author=1\" title=\"Entradas de Webmaster\" rel=\"author\">Webmaster<\/a><\/span><\/span><span class=\"updated\" style=\"display:none\">2026-04-09T09:37:22-03:00<\/span><p class=\"post-excerpt\">Uno de los cambios m\u00e1s profundos se produjo en el funcionamiento de las redes sociales. Antes, sostuvo, estas plataformas mostraban los contenidos en orden cronol\u00f3gico...<\/p>\n\t\t\t\t\n\t\t\t<\/div>\n\n\t\t\t<!-- Post meta after content -->\n\t\t\t\t<div class=\"post-meta\"><\/div>\n\t\t\t<div class=\"clearfix\">\n\t\t\t\t<a class=\"btn btn-xs btn-default text-xs text-uppercase\" href=\"https:\/\/chatvip.com.ar\/?p=651\">Leer<\/a>\n\t\t\t<\/div>\n\t\t\t<\/article>\n\t<article class=\"timeline-box post post-timeline right post-title-simple post-648 post type-post status-publish format-standard has-post-thumbnail hentry category-general\">\n\t\t\t<div class=\"post-image single\">\n\t\t<div class=\"post-slideshow porto-carousel owl-carousel has-ccols ccols-1  nav-inside nav-inside-center nav-style-2 show-nav-hover\" data-plugin-options='{\"nav\":true}'>\n\t\t\t\t\t\t\t\t\t\t\t<a href=\"https:\/\/chatvip.com.ar\/?p=648\" aria-label=\"post image\">\n\t\t\t\t\t\t\t\t<div class=\"img-thumbnail\">\n\t\t\t\t\t\t<img loading=\"lazy\" decoding=\"async\" width=\"640\" height=\"480\" src=\"https:\/\/chatvip.com.ar\/wp-content\/uploads\/2026\/04\/Evolucion-640x480.jpg\" class=\"owl-lazy img-responsive\" alt=\"\" srcset=\"https:\/\/chatvip.com.ar\/wp-content\/uploads\/2026\/04\/Evolucion-640x480.jpg 640w, https:\/\/chatvip.com.ar\/wp-content\/uploads\/2026\/04\/Evolucion-380x285.jpg 380w, https:\/\/chatvip.com.ar\/wp-content\/uploads\/2026\/04\/Evolucion-320x240.jpg 320w, https:\/\/chatvip.com.ar\/wp-content\/uploads\/2026\/04\/Evolucion-480x360.jpg 480w, https:\/\/chatvip.com.ar\/wp-content\/uploads\/2026\/04\/Evolucion-463x348.jpg 463w, https:\/\/chatvip.com.ar\/wp-content\/uploads\/2026\/04\/Evolucion-400x300.jpg 400w, https:\/\/chatvip.com.ar\/wp-content\/uploads\/2026\/04\/Evolucion-367x275.jpg 367w\" sizes=\"(max-width: 640px) 100vw, 640px\" \/>\t\t\t\t\t\t\t\t\t\t\t\t\t<span class=\"zoom\" data-src=\"https:\/\/chatvip.com.ar\/wp-content\/uploads\/2026\/04\/Evolucion.jpg\" data-title=\"\"><i class=\"fas fa-search\"><\/i><\/span>\n\t\t\t\t\t\t\t\t\t\t\t<\/div>\n\t\t\t\t\t\t\t\t<\/a>\n\t\t\t\t\t\t\t\t<\/div>\n\t\t\n\t\t\t<\/div>\n\t\n\t\t<!-- Post meta before content -->\n\t\t\t\n\t\t\t<div class=\"post-content\">\n\t\t\t\t<h4 class=\"entry-title\"><a href=\"https:\/\/chatvip.com.ar\/?p=648\">La idea del fin del mundo com\u00fan ante la Inteligencia Artificial<\/a><\/h4>\n\t\t\t\t<span class=\"vcard\" style=\"display: none;\"><span class=\"fn\"><a href=\"https:\/\/chatvip.com.ar\/?author=1\" title=\"Entradas de Webmaster\" rel=\"author\">Webmaster<\/a><\/span><\/span><span class=\"updated\" style=\"display:none\">2026-04-09T09:36:10-03:00<\/span><p class=\"post-excerpt\">En un contexto atravesado por la digitalizaci\u00f3n y el avance de la inteligencia artificial, el doctor en Filosof\u00eda Tom\u00e1s Balmaceda advirti\u00f3 sobre el impacto de...<\/p>\n\t\t\t\t\n\t\t\t<\/div>\n\n\t\t\t<!-- Post meta after content -->\n\t\t\t\t<div class=\"post-meta\"><\/div>\n\t\t\t<div class=\"clearfix\">\n\t\t\t\t<a class=\"btn btn-xs btn-default text-xs text-uppercase\" href=\"https:\/\/chatvip.com.ar\/?p=648\">Leer<\/a>\n\t\t\t<\/div>\n\t\t\t<\/article>\n\n\t\n\t\t\t\t<\/div>\n\t\t\t<\/section>\n\t\t<\/div>\n\n\t\n\t\n\t<\/div>[\/vc_column][\/vc_row][vc_row text_align=&#8221;center&#8221; conditional_render=&#8221;%5B%7B%22value_role%22%3A%22administrator%22%7D%5D&#8221;][vc_column][vc_single_image image=&#8221;645&#8243; img_size=&#8221;full&#8221; alignment=&#8221;center&#8221; onclick=&#8221;custom_link&#8221; img_link_target=&#8221;_blank&#8221; css=&#8221;&#8221; link=&#8221;https:\/\/buenosaires.gob.ar\/DescubrirBA&#8221; label=&#8221;&#8221;][vc_single_image image=&#8221;112&#8243; img_size=&#8221;full&#8221; alignment=&#8221;center&#8221; onclick=&#8221;custom_link&#8221; img_link_target=&#8221;_blank&#8221; css=&#8221;&#8221; link=&#8221;https:\/\/web.arba.gov.ar\/&#8221;][vc_single_image image=&#8221;99&#8243; img_size=&#8221;full&#8221; alignment=&#8221;center&#8221; onclick=&#8221;custom_link&#8221; img_link_target=&#8221;_blank&#8221; css=&#8221;&#8221; link=&#8221;https:\/\/radioprovincia.gba.gob.ar\/&#8221;][\/vc_column][\/vc_row]<\/p>\n<\/div>","protected":false},"excerpt":{"rendered":"<p>[vc_row][vc_column][\/vc_column][\/vc_row][vc_row text_align=&#8221;center&#8221; conditional_render=&#8221;%5B%7B%22value_role%22%3A%22administrator%22%7D%5D&#8221;][vc_column][vc_single_image image=&#8221;645&#8243; img_size=&#8221;full&#8221; alignment=&#8221;center&#8221; onclick=&#8221;custom_link&#8221; img_link_target=&#8221;_blank&#8221; css=&#8221;&#8221; link=&#8221;https:\/\/buenosaires.gob.ar\/DescubrirBA&#8221; label=&#8221;&#8221;][vc_single_image image=&#8221;112&#8243; img_size=&#8221;full&#8221; alignment=&#8221;center&#8221; onclick=&#8221;custom_link&#8221; img_link_target=&#8221;_blank&#8221; css=&#8221;&#8221; link=&#8221;https:\/\/web.arba.gov.ar\/&#8221;][vc_single_image image=&#8221;99&#8243; img_size=&#8221;full&#8221; alignment=&#8221;center&#8221; onclick=&#8221;custom_link&#8221; img_link_target=&#8221;_blank&#8221; css=&#8221;&#8221; link=&#8221;https:\/\/radioprovincia.gba.gob.ar\/&#8221;][\/vc_column][\/vc_row]<\/p>\n","protected":false},"author":1,"featured_media":0,"parent":0,"menu_order":0,"comment_status":"closed","ping_status":"closed","template":"","meta":{"footnotes":""},"class_list":["post-81","page","type-page","status-publish","hentry"],"_links":{"self":[{"href":"https:\/\/chatvip.com.ar\/index.php?rest_route=\/wp\/v2\/pages\/81"}],"collection":[{"href":"https:\/\/chatvip.com.ar\/index.php?rest_route=\/wp\/v2\/pages"}],"about":[{"href":"https:\/\/chatvip.com.ar\/index.php?rest_route=\/wp\/v2\/types\/page"}],"author":[{"embeddable":true,"href":"https:\/\/chatvip.com.ar\/index.php?rest_route=\/wp\/v2\/users\/1"}],"replies":[{"embeddable":true,"href":"https:\/\/chatvip.com.ar\/index.php?rest_route=%2Fwp%2Fv2%2Fcomments&post=81"}],"version-history":[{"count":18,"href":"https:\/\/chatvip.com.ar\/index.php?rest_route=\/wp\/v2\/pages\/81\/revisions"}],"predecessor-version":[{"id":646,"href":"https:\/\/chatvip.com.ar\/index.php?rest_route=\/wp\/v2\/pages\/81\/revisions\/646"}],"wp:attachment":[{"href":"https:\/\/chatvip.com.ar\/index.php?rest_route=%2Fwp%2Fv2%2Fmedia&parent=81"}],"curies":[{"name":"wp","href":"https:\/\/api.w.org\/{rel}","templated":true}]}}